{"id":165,"date":"2026-04-06T13:54:50","date_gmt":"2026-04-06T10:54:50","guid":{"rendered":"https:\/\/muberrailpan.com.tr\/?page_id=165"},"modified":"2026-04-06T13:54:50","modified_gmt":"2026-04-06T10:54:50","slug":"film","status":"publish","type":"page","link":"https:\/\/muberrailpan.com.tr\/index.php\/film\/","title":{"rendered":"F\u0130LM"},"content":{"rendered":"\n<p class=\"has-text-align-center\"><br><strong>Call Me by Your Name<\/strong><\/p>\n\n\n\n<p>Yaz\u0131n s\u0131cak atmosferinde ge\u00e7en bu film, ilk a\u015fk\u0131n naifli\u011fini ve ge\u00e7icili\u011fini etkileyici bir \u015fekilde anlat\u0131yor. G\u00f6rsel esteti\u011fi ve dingin temposuyla izlerken adeta huzur buluyorsun. \u0130\u00e7tenli\u011fiyle kalbe dokunan bir hik\u00e2ye.<\/p>\n\n\n\n<figure class=\"wp-block-image aligncenter size-large is-resized\"><img loading=\"lazy\" decoding=\"async\" width=\"683\" height=\"1024\" src=\"https:\/\/muberrailpan.com.tr\/wp-content\/uploads\/2026\/04\/7Bi6vkHotsuLQxKLXzFy-8GxmWFQ-Ef6fZz_HvAa84885YCPkf8irlF4Bfe4vo0eFqcLH9HmqmPJYrEu7-yYTQBDhsP4Wwp4wesHTaAg2gm8BWVt2TCf3c_2-ao3BZnj-RGDooQyLFAQihLgWhmXGYlmgkyvmhMuCRuEDG-ft03-BHXnpoRh7yBKzLo6inyM-683x1024.jpeg\" alt=\"\" class=\"wp-image-149\" style=\"aspect-ratio:0.6669987355837388;width:271px;height:auto\" srcset=\"https:\/\/muberrailpan.com.tr\/wp-content\/uploads\/2026\/04\/7Bi6vkHotsuLQxKLXzFy-8GxmWFQ-Ef6fZz_HvAa84885YCPkf8irlF4Bfe4vo0eFqcLH9HmqmPJYrEu7-yYTQBDhsP4Wwp4wesHTaAg2gm8BWVt2TCf3c_2-ao3BZnj-RGDooQyLFAQihLgWhmXGYlmgkyvmhMuCRuEDG-ft03-BHXnpoRh7yBKzLo6inyM-683x1024.jpeg 683w, https:\/\/muberrailpan.com.tr\/wp-content\/uploads\/2026\/04\/7Bi6vkHotsuLQxKLXzFy-8GxmWFQ-Ef6fZz_HvAa84885YCPkf8irlF4Bfe4vo0eFqcLH9HmqmPJYrEu7-yYTQBDhsP4Wwp4wesHTaAg2gm8BWVt2TCf3c_2-ao3BZnj-RGDooQyLFAQihLgWhmXGYlmgkyvmhMuCRuEDG-ft03-BHXnpoRh7yBKzLo6inyM-200x300.jpeg 200w, https:\/\/muberrailpan.com.tr\/wp-content\/uploads\/2026\/04\/7Bi6vkHotsuLQxKLXzFy-8GxmWFQ-Ef6fZz_HvAa84885YCPkf8irlF4Bfe4vo0eFqcLH9HmqmPJYrEu7-yYTQBDhsP4Wwp4wesHTaAg2gm8BWVt2TCf3c_2-ao3BZnj-RGDooQyLFAQihLgWhmXGYlmgkyvmhMuCRuEDG-ft03-BHXnpoRh7yBKzLo6inyM-768x1152.jpeg 768w, https:\/\/muberrailpan.com.tr\/wp-content\/uploads\/2026\/04\/7Bi6vkHotsuLQxKLXzFy-8GxmWFQ-Ef6fZz_HvAa84885YCPkf8irlF4Bfe4vo0eFqcLH9HmqmPJYrEu7-yYTQBDhsP4Wwp4wesHTaAg2gm8BWVt2TCf3c_2-ao3BZnj-RGDooQyLFAQihLgWhmXGYlmgkyvmhMuCRuEDG-ft03-BHXnpoRh7yBKzLo6inyM-300x450.jpeg 300w, https:\/\/muberrailpan.com.tr\/wp-content\/uploads\/2026\/04\/7Bi6vkHotsuLQxKLXzFy-8GxmWFQ-Ef6fZz_HvAa84885YCPkf8irlF4Bfe4vo0eFqcLH9HmqmPJYrEu7-yYTQBDhsP4Wwp4wesHTaAg2gm8BWVt2TCf3c_2-ao3BZnj-RGDooQyLFAQihLgWhmXGYlmgkyvmhMuCRuEDG-ft03-BHXnpoRh7yBKzLo6inyM-850x1275.jpeg 850w, https:\/\/muberrailpan.com.tr\/wp-content\/uploads\/2026\/04\/7Bi6vkHotsuLQxKLXzFy-8GxmWFQ-Ef6fZz_HvAa84885YCPkf8irlF4Bfe4vo0eFqcLH9HmqmPJYrEu7-yYTQBDhsP4Wwp4wesHTaAg2gm8BWVt2TCf3c_2-ao3BZnj-RGDooQyLFAQihLgWhmXGYlmgkyvmhMuCRuEDG-ft03-BHXnpoRh7yBKzLo6inyM.jpeg 950w\" sizes=\"auto, (max-width: 683px) 100vw, 683px\" \/><\/figure>\n\n\n\n<p><\/p>\n\n\n\n<p><\/p>\n\n\n\n<p><\/p>\n\n\n\n<p class=\"has-text-align-center\"><strong>Parasite<\/strong><\/p>\n\n\n\n<p>Toplumsal s\u0131n\u0131f farklar\u0131n\u0131 \u00e7arp\u0131c\u0131 ve yer yer sars\u0131c\u0131 bir \u015fekilde ele alan bu film, ba\u015ftan sona s\u00fcr\u00fckleyici bir deneyim sunuyor. Her sahnesinde \u201c\u015fimdi ne olacak?\u201d hissi uyand\u0131ran g\u00fc\u00e7l\u00fc bir anlat\u0131m\u0131 var.<\/p>\n\n\n\n<figure class=\"wp-block-image aligncenter size-large is-resized\"><img loading=\"lazy\" decoding=\"async\" width=\"717\" height=\"1024\" src=\"https:\/\/muberrailpan.com.tr\/wp-content\/uploads\/2026\/04\/wa_vE7WOZE-FYYJaG9HHcqd9fZkZO9Z2CUFbIi1dsCzDicbsAX5mBNLrEYGyxLQt2kD1Dj1VFCF_wf2hBoKJyLDDGuCC4wjB9-f42fraqlQ6BXA4C3dsm8aHhBb_-20DuGsutuTYjrKTLNqvZuGiKhl7QMJt56cU7ltD1s612PP4Tuerjhzc8Byic_7YveSK-717x1024.jpeg\" alt=\"\" class=\"wp-image-155\" style=\"aspect-ratio:0.7;width:276px;height:auto\" srcset=\"https:\/\/muberrailpan.com.tr\/wp-content\/uploads\/2026\/04\/wa_vE7WOZE-FYYJaG9HHcqd9fZkZO9Z2CUFbIi1dsCzDicbsAX5mBNLrEYGyxLQt2kD1Dj1VFCF_wf2hBoKJyLDDGuCC4wjB9-f42fraqlQ6BXA4C3dsm8aHhBb_-20DuGsutuTYjrKTLNqvZuGiKhl7QMJt56cU7ltD1s612PP4Tuerjhzc8Byic_7YveSK-717x1024.jpeg 717w, https:\/\/muberrailpan.com.tr\/wp-content\/uploads\/2026\/04\/wa_vE7WOZE-FYYJaG9HHcqd9fZkZO9Z2CUFbIi1dsCzDicbsAX5mBNLrEYGyxLQt2kD1Dj1VFCF_wf2hBoKJyLDDGuCC4wjB9-f42fraqlQ6BXA4C3dsm8aHhBb_-20DuGsutuTYjrKTLNqvZuGiKhl7QMJt56cU7ltD1s612PP4Tuerjhzc8Byic_7YveSK-210x300.jpeg 210w, https:\/\/muberrailpan.com.tr\/wp-content\/uploads\/2026\/04\/wa_vE7WOZE-FYYJaG9HHcqd9fZkZO9Z2CUFbIi1dsCzDicbsAX5mBNLrEYGyxLQt2kD1Dj1VFCF_wf2hBoKJyLDDGuCC4wjB9-f42fraqlQ6BXA4C3dsm8aHhBb_-20DuGsutuTYjrKTLNqvZuGiKhl7QMJt56cU7ltD1s612PP4Tuerjhzc8Byic_7YveSK-768x1097.jpeg 768w, https:\/\/muberrailpan.com.tr\/wp-content\/uploads\/2026\/04\/wa_vE7WOZE-FYYJaG9HHcqd9fZkZO9Z2CUFbIi1dsCzDicbsAX5mBNLrEYGyxLQt2kD1Dj1VFCF_wf2hBoKJyLDDGuCC4wjB9-f42fraqlQ6BXA4C3dsm8aHhBb_-20DuGsutuTYjrKTLNqvZuGiKhl7QMJt56cU7ltD1s612PP4Tuerjhzc8Byic_7YveSK-1075x1536.jpeg 1075w, https:\/\/muberrailpan.com.tr\/wp-content\/uploads\/2026\/04\/wa_vE7WOZE-FYYJaG9HHcqd9fZkZO9Z2CUFbIi1dsCzDicbsAX5mBNLrEYGyxLQt2kD1Dj1VFCF_wf2hBoKJyLDDGuCC4wjB9-f42fraqlQ6BXA4C3dsm8aHhBb_-20DuGsutuTYjrKTLNqvZuGiKhl7QMJt56cU7ltD1s612PP4Tuerjhzc8Byic_7YveSK-1434x2048.jpeg 1434w, https:\/\/muberrailpan.com.tr\/wp-content\/uploads\/2026\/04\/wa_vE7WOZE-FYYJaG9HHcqd9fZkZO9Z2CUFbIi1dsCzDicbsAX5mBNLrEYGyxLQt2kD1Dj1VFCF_wf2hBoKJyLDDGuCC4wjB9-f42fraqlQ6BXA4C3dsm8aHhBb_-20DuGsutuTYjrKTLNqvZuGiKhl7QMJt56cU7ltD1s612PP4Tuerjhzc8Byic_7YveSK-300x429.jpeg 300w, https:\/\/muberrailpan.com.tr\/wp-content\/uploads\/2026\/04\/wa_vE7WOZE-FYYJaG9HHcqd9fZkZO9Z2CUFbIi1dsCzDicbsAX5mBNLrEYGyxLQt2kD1Dj1VFCF_wf2hBoKJyLDDGuCC4wjB9-f42fraqlQ6BXA4C3dsm8aHhBb_-20DuGsutuTYjrKTLNqvZuGiKhl7QMJt56cU7ltD1s612PP4Tuerjhzc8Byic_7YveSK-850x1214.jpeg 850w, https:\/\/muberrailpan.com.tr\/wp-content\/uploads\/2026\/04\/wa_vE7WOZE-FYYJaG9HHcqd9fZkZO9Z2CUFbIi1dsCzDicbsAX5mBNLrEYGyxLQt2kD1Dj1VFCF_wf2hBoKJyLDDGuCC4wjB9-f42fraqlQ6BXA4C3dsm8aHhBb_-20DuGsutuTYjrKTLNqvZuGiKhl7QMJt56cU7ltD1s612PP4Tuerjhzc8Byic_7YveSK.jpeg 1792w\" sizes=\"auto, (max-width: 717px) 100vw, 717px\" \/><\/figure>\n\n\n\n<p><\/p>\n\n\n\n<p><\/p>\n\n\n\n<p class=\"has-text-align-center\"><\/p>\n","protected":false},"excerpt":{"rendered":"<p>Call Me by Your Name Yaz\u0131n s\u0131cak atmosferinde ge\u00e7en bu film, ilk a\u015fk\u0131n naifli\u011fini ve ge\u00e7icili\u011fini etkileyici bir \u015fekilde anlat\u0131yor. [&hellip;]<\/p>\n","protected":false},"author":1,"featured_media":0,"parent":0,"menu_order":0,"comment_status":"closed","ping_status":"closed","template":"","meta":{"site-sidebar-layout":"default","site-content-layout":"","ast-site-content-layout":"default","site-content-style":"default","site-sidebar-style":"default","ast-global-header-display":"","ast-banner-title-visibility":"","ast-main-header-display":"","ast-hfb-above-header-display":"","ast-hfb-below-header-display":"","ast-hfb-mobile-header-display":"","site-post-title":"","ast-breadcrumbs-content":"","ast-featured-img":"","footer-sml-layout":"","ast-disable-related-posts":"","theme-transparent-header-meta":"","adv-header-id-meta":"","stick-header-meta":"","header-above-stick-meta":"","header-main-stick-meta":"","header-below-stick-meta":"","astra-migrate-meta-layouts":"default","ast-page-background-enabled":"default","ast-page-background-meta":{"desktop":{"background-color":"var(--ast-global-color-5)","background-image":"","background-repeat":"repeat","background-position":"center center","background-size":"auto","background-attachment":"scroll","background-type":"","background-media":"","overlay-type":"","overlay-color":"","overlay-opacity":"","overlay-gradient":""},"tablet":{"background-color":"","background-image":"","background-repeat":"repeat","background-position":"center center","background-size":"auto","background-attachment":"scroll","background-type":"","background-media":"","overlay-type":"","overlay-color":"","overlay-opacity":"","overlay-gradient":""},"mobile":{"background-color":"","background-image":"","background-repeat":"repeat","background-position":"center center","background-size":"auto","background-attachment":"scroll","background-type":"","background-media":"","overlay-type":"","overlay-color":"","overlay-opacity":"","overlay-gradient":""}},"ast-content-background-meta":{"desktop":{"background-color":"var(--ast-global-color-4)","background-image":"","background-repeat":"repeat","background-position":"center center","background-size":"auto","background-attachment":"scroll","background-type":"","background-media":"","overlay-type":"","overlay-color":"","overlay-opacity":"","overlay-gradient":""},"tablet":{"background-color":"var(--ast-global-color-4)","background-image":"","background-repeat":"repeat","background-position":"center center","background-size":"auto","background-attachment":"scroll","background-type":"","background-media":"","overlay-type":"","overlay-color":"","overlay-opacity":"","overlay-gradient":""},"mobile":{"background-color":"var(--ast-global-color-4)","background-image":"","background-repeat":"repeat","background-position":"center center","background-size":"auto","background-attachment":"scroll","background-type":"","background-media":"","overlay-type":"","overlay-color":"","overlay-opacity":"","overlay-gradient":""}},"footnotes":""},"class_list":["post-165","page","type-page","status-publish","hentry"],"_links":{"self":[{"href":"https:\/\/muberrailpan.com.tr\/index.php\/wp-json\/wp\/v2\/pages\/165","targetHints":{"allow":["GET"]}}],"collection":[{"href":"https:\/\/muberrailpan.com.tr\/index.php\/wp-json\/wp\/v2\/pages"}],"about":[{"href":"https:\/\/muberrailpan.com.tr\/index.php\/wp-json\/wp\/v2\/types\/page"}],"author":[{"embeddable":true,"href":"https:\/\/muberrailpan.com.tr\/index.php\/wp-json\/wp\/v2\/users\/1"}],"replies":[{"embeddable":true,"href":"https:\/\/muberrailpan.com.tr\/index.php\/wp-json\/wp\/v2\/comments?post=165"}],"version-history":[{"count":1,"href":"https:\/\/muberrailpan.com.tr\/index.php\/wp-json\/wp\/v2\/pages\/165\/revisions"}],"predecessor-version":[{"id":166,"href":"https:\/\/muberrailpan.com.tr\/index.php\/wp-json\/wp\/v2\/pages\/165\/revisions\/166"}],"wp:attachment":[{"href":"https:\/\/muberrailpan.com.tr\/index.php\/wp-json\/wp\/v2\/media?parent=165"}],"curies":[{"name":"wp","href":"https:\/\/api.w.org\/{rel}","templated":true}]}}