{"id":169,"date":"2026-04-06T13:56:21","date_gmt":"2026-04-06T10:56:21","guid":{"rendered":"https:\/\/muberrailpan.com.tr\/?page_id=169"},"modified":"2026-04-06T13:56:21","modified_gmt":"2026-04-06T10:56:21","slug":"kitap","status":"publish","type":"page","link":"https:\/\/muberrailpan.com.tr\/index.php\/kitap\/","title":{"rendered":"K\u0130TAP"},"content":{"rendered":"\n<p class=\"has-text-align-center\"><strong>Simyac\u0131<\/strong><\/p>\n\n\n\n<p>Kendi yolunu bulmak isteyenler i\u00e7in ilham verici bir hik\u00e2ye. Hayallerinin pe\u015finden gitmenin \u00f6nemini sade ama etkileyici bir dille anlat\u0131yor. Okurken i\u00e7ini \u0131s\u0131tan, umut veren bir kitap.<\/p>\n\n\n\n<figure class=\"wp-block-image aligncenter size-large is-resized\"><img loading=\"lazy\" decoding=\"async\" width=\"678\" height=\"1024\" src=\"https:\/\/muberrailpan.com.tr\/wp-content\/uploads\/2026\/04\/D8ieAF6rHr9BfhWMAAyXejJdNHtNysI4ZVABCXTcG8KKei9z-oIr8TprEcaV1rQmRet6vLqqEoUDALnaAvkP_clQBH3eerQFaGKStF1wMH6PTrY3zlNHEMVwY-302WmfAOUTfsd8oWttQBz0hQ9Eg8_aUr3BCg5nhmm2187vCujP6J8epaNDcjqoZGt5z8gT-678x1024.jpeg\" alt=\"\" class=\"wp-image-156\" style=\"aspect-ratio:0.662119145065939;width:285px;height:auto\" srcset=\"https:\/\/muberrailpan.com.tr\/wp-content\/uploads\/2026\/04\/D8ieAF6rHr9BfhWMAAyXejJdNHtNysI4ZVABCXTcG8KKei9z-oIr8TprEcaV1rQmRet6vLqqEoUDALnaAvkP_clQBH3eerQFaGKStF1wMH6PTrY3zlNHEMVwY-302WmfAOUTfsd8oWttQBz0hQ9Eg8_aUr3BCg5nhmm2187vCujP6J8epaNDcjqoZGt5z8gT-678x1024.jpeg 678w, https:\/\/muberrailpan.com.tr\/wp-content\/uploads\/2026\/04\/D8ieAF6rHr9BfhWMAAyXejJdNHtNysI4ZVABCXTcG8KKei9z-oIr8TprEcaV1rQmRet6vLqqEoUDALnaAvkP_clQBH3eerQFaGKStF1wMH6PTrY3zlNHEMVwY-302WmfAOUTfsd8oWttQBz0hQ9Eg8_aUr3BCg5nhmm2187vCujP6J8epaNDcjqoZGt5z8gT-199x300.jpeg 199w, https:\/\/muberrailpan.com.tr\/wp-content\/uploads\/2026\/04\/D8ieAF6rHr9BfhWMAAyXejJdNHtNysI4ZVABCXTcG8KKei9z-oIr8TprEcaV1rQmRet6vLqqEoUDALnaAvkP_clQBH3eerQFaGKStF1wMH6PTrY3zlNHEMVwY-302WmfAOUTfsd8oWttQBz0hQ9Eg8_aUr3BCg5nhmm2187vCujP6J8epaNDcjqoZGt5z8gT-768x1160.jpeg 768w, https:\/\/muberrailpan.com.tr\/wp-content\/uploads\/2026\/04\/D8ieAF6rHr9BfhWMAAyXejJdNHtNysI4ZVABCXTcG8KKei9z-oIr8TprEcaV1rQmRet6vLqqEoUDALnaAvkP_clQBH3eerQFaGKStF1wMH6PTrY3zlNHEMVwY-302WmfAOUTfsd8oWttQBz0hQ9Eg8_aUr3BCg5nhmm2187vCujP6J8epaNDcjqoZGt5z8gT-300x453.jpeg 300w, https:\/\/muberrailpan.com.tr\/wp-content\/uploads\/2026\/04\/D8ieAF6rHr9BfhWMAAyXejJdNHtNysI4ZVABCXTcG8KKei9z-oIr8TprEcaV1rQmRet6vLqqEoUDALnaAvkP_clQBH3eerQFaGKStF1wMH6PTrY3zlNHEMVwY-302WmfAOUTfsd8oWttQBz0hQ9Eg8_aUr3BCg5nhmm2187vCujP6J8epaNDcjqoZGt5z8gT-850x1284.jpeg 850w, https:\/\/muberrailpan.com.tr\/wp-content\/uploads\/2026\/04\/D8ieAF6rHr9BfhWMAAyXejJdNHtNysI4ZVABCXTcG8KKei9z-oIr8TprEcaV1rQmRet6vLqqEoUDALnaAvkP_clQBH3eerQFaGKStF1wMH6PTrY3zlNHEMVwY-302WmfAOUTfsd8oWttQBz0hQ9Eg8_aUr3BCg5nhmm2187vCujP6J8epaNDcjqoZGt5z8gT.jpeg 993w\" sizes=\"auto, (max-width: 678px) 100vw, 678px\" \/><\/figure>\n\n\n\n<p><\/p>\n\n\n\n<p><\/p>\n\n\n\n<p class=\"has-text-align-center\"><strong>1984<\/strong><\/p>\n\n\n\n<p>Distopik bir d\u00fcnyada ge\u00e7en bu kitap, \u00f6zg\u00fcrl\u00fck, birey ve otorite kavramlar\u0131n\u0131 sorgulat\u0131yor. G\u00fcn\u00fcm\u00fczle benzerlikleriyle \u00fcrpertici derecede ger\u00e7ek hissettiren, d\u00fc\u015f\u00fcnd\u00fcr\u00fcc\u00fc bir ba\u015fyap\u0131t.<\/p>\n\n\n\n<figure class=\"wp-block-image aligncenter size-full is-resized\"><img loading=\"lazy\" decoding=\"async\" width=\"642\" height=\"1024\" src=\"https:\/\/muberrailpan.com.tr\/wp-content\/uploads\/2026\/04\/iRlIglCFTB5TM3v5fpMAD7wErN8tvxD-OZ9cr3MTVOlWbGovrs455J6TXHA2ruEpPtWnlZJBgGAfFIwvrlFiZQDmUR6mvbXB18yGRzBgYxjhafi-nPNfHtMGlzHDVw24am23tEVXh33IUTJrPKJ4Dl1sBrcJW2A46opMEX9nR0s42YOrPm7aYPAnDtNHgR5R.jpeg\" alt=\"\" class=\"wp-image-158\" style=\"aspect-ratio:0.6269633507853403;width:299px;height:auto\" srcset=\"https:\/\/muberrailpan.com.tr\/wp-content\/uploads\/2026\/04\/iRlIglCFTB5TM3v5fpMAD7wErN8tvxD-OZ9cr3MTVOlWbGovrs455J6TXHA2ruEpPtWnlZJBgGAfFIwvrlFiZQDmUR6mvbXB18yGRzBgYxjhafi-nPNfHtMGlzHDVw24am23tEVXh33IUTJrPKJ4Dl1sBrcJW2A46opMEX9nR0s42YOrPm7aYPAnDtNHgR5R.jpeg 642w, https:\/\/muberrailpan.com.tr\/wp-content\/uploads\/2026\/04\/iRlIglCFTB5TM3v5fpMAD7wErN8tvxD-OZ9cr3MTVOlWbGovrs455J6TXHA2ruEpPtWnlZJBgGAfFIwvrlFiZQDmUR6mvbXB18yGRzBgYxjhafi-nPNfHtMGlzHDVw24am23tEVXh33IUTJrPKJ4Dl1sBrcJW2A46opMEX9nR0s42YOrPm7aYPAnDtNHgR5R-188x300.jpeg 188w, https:\/\/muberrailpan.com.tr\/wp-content\/uploads\/2026\/04\/iRlIglCFTB5TM3v5fpMAD7wErN8tvxD-OZ9cr3MTVOlWbGovrs455J6TXHA2ruEpPtWnlZJBgGAfFIwvrlFiZQDmUR6mvbXB18yGRzBgYxjhafi-nPNfHtMGlzHDVw24am23tEVXh33IUTJrPKJ4Dl1sBrcJW2A46opMEX9nR0s42YOrPm7aYPAnDtNHgR5R-300x479.jpeg 300w\" sizes=\"auto, (max-width: 642px) 100vw, 642px\" \/><\/figure>\n","protected":false},"excerpt":{"rendered":"<p>Simyac\u0131 Kendi yolunu bulmak isteyenler i\u00e7in ilham verici bir hik\u00e2ye. Hayallerinin pe\u015finden gitmenin \u00f6nemini sade ama etkileyici bir dille anlat\u0131yor. [&hellip;]<\/p>\n","protected":false},"author":1,"featured_media":0,"parent":0,"menu_order":0,"comment_status":"closed","ping_status":"closed","template":"","meta":{"site-sidebar-layout":"default","site-content-layout":"","ast-site-content-layout":"default","site-content-style":"default","site-sidebar-style":"default","ast-global-header-display":"","ast-banner-title-visibility":"","ast-main-header-display":"","ast-hfb-above-header-display":"","ast-hfb-below-header-display":"","ast-hfb-mobile-header-display":"","site-post-title":"","ast-breadcrumbs-content":"","ast-featured-img":"","footer-sml-layout":"","ast-disable-related-posts":"","theme-transparent-header-meta":"","adv-header-id-meta":"","stick-header-meta":"","header-above-stick-meta":"","header-main-stick-meta":"","header-below-stick-meta":"","astra-migrate-meta-layouts":"default","ast-page-background-enabled":"default","ast-page-background-meta":{"desktop":{"background-color":"var(--ast-global-color-5)","background-image":"","background-repeat":"repeat","background-position":"center center","background-size":"auto","background-attachment":"scroll","background-type":"","background-media":"","overlay-type":"","overlay-color":"","overlay-opacity":"","overlay-gradient":""},"tablet":{"background-color":"","background-image":"","background-repeat":"repeat","background-position":"center center","background-size":"auto","background-attachment":"scroll","background-type":"","background-media":"","overlay-type":"","overlay-color":"","overlay-opacity":"","overlay-gradient":""},"mobile":{"background-color":"","background-image":"","background-repeat":"repeat","background-position":"center center","background-size":"auto","background-attachment":"scroll","background-type":"","background-media":"","overlay-type":"","overlay-color":"","overlay-opacity":"","overlay-gradient":""}},"ast-content-background-meta":{"desktop":{"background-color":"var(--ast-global-color-4)","background-image":"","background-repeat":"repeat","background-position":"center center","background-size":"auto","background-attachment":"scroll","background-type":"","background-media":"","overlay-type":"","overlay-color":"","overlay-opacity":"","overlay-gradient":""},"tablet":{"background-color":"var(--ast-global-color-4)","background-image":"","background-repeat":"repeat","background-position":"center center","background-size":"auto","background-attachment":"scroll","background-type":"","background-media":"","overlay-type":"","overlay-color":"","overlay-opacity":"","overlay-gradient":""},"mobile":{"background-color":"var(--ast-global-color-4)","background-image":"","background-repeat":"repeat","background-position":"center center","background-size":"auto","background-attachment":"scroll","background-type":"","background-media":"","overlay-type":"","overlay-color":"","overlay-opacity":"","overlay-gradient":""}},"footnotes":""},"class_list":["post-169","page","type-page","status-publish","hentry"],"_links":{"self":[{"href":"https:\/\/muberrailpan.com.tr\/index.php\/wp-json\/wp\/v2\/pages\/169","targetHints":{"allow":["GET"]}}],"collection":[{"href":"https:\/\/muberrailpan.com.tr\/index.php\/wp-json\/wp\/v2\/pages"}],"about":[{"href":"https:\/\/muberrailpan.com.tr\/index.php\/wp-json\/wp\/v2\/types\/page"}],"author":[{"embeddable":true,"href":"https:\/\/muberrailpan.com.tr\/index.php\/wp-json\/wp\/v2\/users\/1"}],"replies":[{"embeddable":true,"href":"https:\/\/muberrailpan.com.tr\/index.php\/wp-json\/wp\/v2\/comments?post=169"}],"version-history":[{"count":1,"href":"https:\/\/muberrailpan.com.tr\/index.php\/wp-json\/wp\/v2\/pages\/169\/revisions"}],"predecessor-version":[{"id":170,"href":"https:\/\/muberrailpan.com.tr\/index.php\/wp-json\/wp\/v2\/pages\/169\/revisions\/170"}],"wp:attachment":[{"href":"https:\/\/muberrailpan.com.tr\/index.php\/wp-json\/wp\/v2\/media?parent=169"}],"curies":[{"name":"wp","href":"https:\/\/api.w.org\/{rel}","templated":true}]}}