{"id":173,"date":"2026-04-06T13:59:46","date_gmt":"2026-04-06T10:59:46","guid":{"rendered":"https:\/\/muberrailpan.com.tr\/?page_id=173"},"modified":"2026-04-06T13:59:46","modified_gmt":"2026-04-06T10:59:46","slug":"hakkimda","status":"publish","type":"page","link":"https:\/\/muberrailpan.com.tr\/index.php\/hakkimda\/","title":{"rendered":"HAKKIMDA"},"content":{"rendered":"\n<p>Merhaba, ben M\u00fcberra.<br>Halkla \u0130li\u015fkiler \u00f6\u011frencisiyim ve grafik tasar\u0131m, video edit ile ilgileniyorum. Freelance i\u015fler yap\u0131yor, kendimi s\u00fcrekli geli\u015ftirmeye \u00e7al\u0131\u015f\u0131yorum.<\/p>\n\n\n\n<p>Bu site ise ilgimi \u00e7eken \u015feyleri payla\u015ft\u0131\u011f\u0131m k\u00fc\u00e7\u00fck bir alan.\u2728\u00a0<\/p>\n\n\n\n<figure class=\"wp-block-image aligncenter size-large is-resized\"><img loading=\"lazy\" decoding=\"async\" width=\"724\" height=\"1024\" src=\"https:\/\/muberrailpan.com.tr\/wp-content\/uploads\/2026\/04\/foto-1-724x1024.png\" alt=\"\" class=\"wp-image-174\" style=\"width:264px;height:auto\" srcset=\"https:\/\/muberrailpan.com.tr\/wp-content\/uploads\/2026\/04\/foto-1-724x1024.png 724w, https:\/\/muberrailpan.com.tr\/wp-content\/uploads\/2026\/04\/foto-1-212x300.png 212w, https:\/\/muberrailpan.com.tr\/wp-content\/uploads\/2026\/04\/foto-1-768x1086.png 768w, https:\/\/muberrailpan.com.tr\/wp-content\/uploads\/2026\/04\/foto-1-1086x1536.png 1086w, https:\/\/muberrailpan.com.tr\/wp-content\/uploads\/2026\/04\/foto-1-1448x2048.png 1448w, https:\/\/muberrailpan.com.tr\/wp-content\/uploads\/2026\/04\/foto-1-300x424.png 300w, https:\/\/muberrailpan.com.tr\/wp-content\/uploads\/2026\/04\/foto-1-850x1202.png 850w, https:\/\/muberrailpan.com.tr\/wp-content\/uploads\/2026\/04\/foto-1-scaled.png 1810w\" sizes=\"auto, (max-width: 724px) 100vw, 724px\" \/><\/figure>\n","protected":false},"excerpt":{"rendered":"<p>Merhaba, ben M\u00fcberra.Halkla \u0130li\u015fkiler \u00f6\u011frencisiyim ve grafik tasar\u0131m, video edit ile ilgileniyorum. Freelance i\u015fler yap\u0131yor, kendimi s\u00fcrekli geli\u015ftirmeye \u00e7al\u0131\u015f\u0131yorum. Bu [&hellip;]<\/p>\n","protected":false},"author":1,"featured_media":0,"parent":0,"menu_order":0,"comment_status":"closed","ping_status":"closed","template":"","meta":{"site-sidebar-layout":"default","site-content-layout":"","ast-site-content-layout":"default","site-content-style":"default","site-sidebar-style":"default","ast-global-header-display":"","ast-banner-title-visibility":"","ast-main-header-display":"","ast-hfb-above-header-display":"","ast-hfb-below-header-display":"","ast-hfb-mobile-header-display":"","site-post-title":"","ast-breadcrumbs-content":"","ast-featured-img":"","footer-sml-layout":"","ast-disable-related-posts":"","theme-transparent-header-meta":"","adv-header-id-meta":"","stick-header-meta":"","header-above-stick-meta":"","header-main-stick-meta":"","header-below-stick-meta":"","astra-migrate-meta-layouts":"default","ast-page-background-enabled":"default","ast-page-background-meta":{"desktop":{"background-color":"var(--ast-global-color-5)","background-image":"","background-repeat":"repeat","background-position":"center center","background-size":"auto","background-attachment":"scroll","background-type":"","background-media":"","overlay-type":"","overlay-color":"","overlay-opacity":"","overlay-gradient":""},"tablet":{"background-color":"","background-image":"","background-repeat":"repeat","background-position":"center center","background-size":"auto","background-attachment":"scroll","background-type":"","background-media":"","overlay-type":"","overlay-color":"","overlay-opacity":"","overlay-gradient":""},"mobile":{"background-color":"","background-image":"","background-repeat":"repeat","background-position":"center center","background-size":"auto","background-attachment":"scroll","background-type":"","background-media":"","overlay-type":"","overlay-color":"","overlay-opacity":"","overlay-gradient":""}},"ast-content-background-meta":{"desktop":{"background-color":"var(--ast-global-color-4)","background-image":"","background-repeat":"repeat","background-position":"center center","background-size":"auto","background-attachment":"scroll","background-type":"","background-media":"","overlay-type":"","overlay-color":"","overlay-opacity":"","overlay-gradient":""},"tablet":{"background-color":"var(--ast-global-color-4)","background-image":"","background-repeat":"repeat","background-position":"center center","background-size":"auto","background-attachment":"scroll","background-type":"","background-media":"","overlay-type":"","overlay-color":"","overlay-opacity":"","overlay-gradient":""},"mobile":{"background-color":"var(--ast-global-color-4)","background-image":"","background-repeat":"repeat","background-position":"center center","background-size":"auto","background-attachment":"scroll","background-type":"","background-media":"","overlay-type":"","overlay-color":"","overlay-opacity":"","overlay-gradient":""}},"footnotes":""},"class_list":["post-173","page","type-page","status-publish","hentry"],"_links":{"self":[{"href":"https:\/\/muberrailpan.com.tr\/index.php\/wp-json\/wp\/v2\/pages\/173","targetHints":{"allow":["GET"]}}],"collection":[{"href":"https:\/\/muberrailpan.com.tr\/index.php\/wp-json\/wp\/v2\/pages"}],"about":[{"href":"https:\/\/muberrailpan.com.tr\/index.php\/wp-json\/wp\/v2\/types\/page"}],"author":[{"embeddable":true,"href":"https:\/\/muberrailpan.com.tr\/index.php\/wp-json\/wp\/v2\/users\/1"}],"replies":[{"embeddable":true,"href":"https:\/\/muberrailpan.com.tr\/index.php\/wp-json\/wp\/v2\/comments?post=173"}],"version-history":[{"count":1,"href":"https:\/\/muberrailpan.com.tr\/index.php\/wp-json\/wp\/v2\/pages\/173\/revisions"}],"predecessor-version":[{"id":175,"href":"https:\/\/muberrailpan.com.tr\/index.php\/wp-json\/wp\/v2\/pages\/173\/revisions\/175"}],"wp:attachment":[{"href":"https:\/\/muberrailpan.com.tr\/index.php\/wp-json\/wp\/v2\/media?parent=173"}],"curies":[{"name":"wp","href":"https:\/\/api.w.org\/{rel}","templated":true}]}}